{"id":2,"date":"2015-09-15T14:27:09","date_gmt":"2015-09-15T12:27:09","guid":{"rendered":""},"modified":"2015-09-15T16:57:02","modified_gmt":"2015-09-15T14:57:02","slug":"beispiel-seite","status":"publish","type":"page","link":"https:\/\/www.neudoerfl.rocks\/?page_id=2","title":{"rendered":"\u00dcber das Projekt"},"content":{"rendered":"<p>Neud\u00f6rfl ist kein Dorf und keine Stadt &#8211; trotzdem ist bei uns regelm\u00e4ssig sehr viel los. Das liegt einerseits am regen Vereinsleben &#8211; andererseits an den Neud\u00f6rflern, die gerne mal einen draufmachen.<\/p>\n<p>Ob es das Dorffest mit seinen vielen St\u00e4nden, der Sportfest oder einfach spontane Zusammenkunft bei einem der Heurigen ist, langweilig wird es bei uns nie!<\/p>\n","protected":false},"excerpt":{"rendered":"<p>Neud\u00f6rfl ist kein Dorf und keine Stadt &#8211; trotzdem ist bei uns regelm\u00e4ssig sehr viel los. Das liegt einerseits am regen Vereinsleben &#8211; andererseits an den Neud\u00f6rflern, die gerne mal einen draufmachen. Ob es das Dorffest mit seinen vielen St\u00e4nden, der Sportfest oder einfach spontane Zusammenkunft bei einem der Heurigen ist, langweilig wird es bei [&hellip;]<\/p>\n","protected":false},"author":1,"featured_media":0,"parent":0,"menu_order":0,"comment_status":"open","ping_status":"open","template":"","meta":{"_ti_tpc_template_sync":false,"_ti_tpc_template_id":""},"_links":{"self":[{"href":"https:\/\/www.neudoerfl.rocks\/index.php?rest_route=\/wp\/v2\/pages\/2"}],"collection":[{"href":"https:\/\/www.neudoerfl.rocks\/index.php?rest_route=\/wp\/v2\/pages"}],"about":[{"href":"https:\/\/www.neudoerfl.rocks\/index.php?rest_route=\/wp\/v2\/types\/page"}],"author":[{"embeddable":true,"href":"https:\/\/www.neudoerfl.rocks\/index.php?rest_route=\/wp\/v2\/users\/1"}],"replies":[{"embeddable":true,"href":"https:\/\/www.neudoerfl.rocks\/index.php?rest_route=%2Fwp%2Fv2%2Fcomments&post=2"}],"version-history":[{"count":4,"href":"https:\/\/www.neudoerfl.rocks\/index.php?rest_route=\/wp\/v2\/pages\/2\/revisions"}],"predecessor-version":[{"id":16,"href":"https:\/\/www.neudoerfl.rocks\/index.php?rest_route=\/wp\/v2\/pages\/2\/revisions\/16"}],"wp:attachment":[{"href":"https:\/\/www.neudoerfl.rocks\/index.php?rest_route=%2Fwp%2Fv2%2Fmedia&parent=2"}],"curies":[{"name":"wp","href":"https:\/\/api.w.org\/{rel}","templated":true}]}}